{"id":2,"date":"2025-07-13T15:03:32","date_gmt":"2025-07-13T15:03:32","guid":{"rendered":"http:\/\/dev.fcm.com\/?page_id=2"},"modified":"2025-08-01T14:52:10","modified_gmt":"2025-08-01T14:52:10","slug":"pagina-ejemplo","status":"publish","type":"page","link":"https:\/\/fcmsac.com.pe\/","title":{"rendered":"FCM: Un nombre, mil soluciones."},"content":{"rendered":"<p>En FCM ofrecemos consultor\u00edas, estudios t\u00e9cnicos, obras, mantenimiento general, asesoramiento pol\u00edtico, entre otros.<\/p>\n","protected":false},"excerpt":{"rendered":"<p>En FCM ofrecemos consultor\u00edas, estudios t\u00e9cnicos, obras, mantenimiento general, asesoramiento pol\u00edtico, entre otros.<\/p>\n","protected":false},"author":1,"featured_media":89,"parent":0,"menu_order":0,"comment_status":"closed","ping_status":"open","template":"","meta":{"footnotes":""},"class_list":["post-2","page","type-page","status-publish","has-post-thumbnail","hentry"],"acf":[],"yoast_head":"<!-- This site is optimized with the Yoast SEO plugin v25.4 - https:\/\/yoast.com\/wordpress\/plugins\/seo\/ -->\n<title>FCM: Un nombre, mil soluciones. - FCM<\/title>\n<meta name=\"robots\" content=\"index, follow, max-snippet:-1, max-image-preview:large, max-video-preview:-1\" \/>\n<link rel=\"canonical\" href=\"https:\/\/fcmsac.com.pe\/\" \/>\n<meta property=\"og:locale\" content=\"es_ES\" \/>\n<meta property=\"og:type\" content=\"article\" \/>\n<meta property=\"og:title\" content=\"FCM: Un nombre, mil soluciones. - FCM\" \/>\n<meta property=\"og:description\" content=\"En FCM ofrecemos consultor\u00edas, estudios t\u00e9cnicos, obras, mantenimiento general, asesoramiento pol\u00edtico, entre otros.\" \/>\n<meta property=\"og:url\" content=\"https:\/\/fcmsac.com.pe\/\" \/>\n<meta property=\"og:site_name\" content=\"FCM\" \/>\n<meta property=\"article:modified_time\" content=\"2025-08-01T14:52:10+00:00\" \/>\n<meta property=\"og:image\" content=\"https:\/\/fcmsac.com.pe\/wp-content\/uploads\/2025\/07\/relacion-comercial-clientes-billin-imagen-6.4.1-e1752708065297.jpg\" \/>\n\t<meta property=\"og:image:width\" content=\"1000\" \/>\n\t<meta property=\"og:image:height\" content=\"654\" \/>\n\t<meta property=\"og:image:type\" content=\"image\/jpeg\" \/>\n<meta name=\"twitter:card\" content=\"summary_large_image\" \/>\n<meta name=\"twitter:label1\" content=\"Tiempo de lectura\" \/>\n\t<meta name=\"twitter:data1\" content=\"1 minuto\" \/>\n<script type=\"application\/ld+json\" class=\"yoast-schema-graph\">{\"@context\":\"https:\/\/schema.org\",\"@graph\":[{\"@type\":\"WebPage\",\"@id\":\"https:\/\/fcmsac.com.pe\/\",\"url\":\"https:\/\/fcmsac.com.pe\/\",\"name\":\"FCM: Un nombre, mil soluciones. - FCM\",\"isPartOf\":{\"@id\":\"https:\/\/fcmsac.com.pe\/#website\"},\"primaryImageOfPage\":{\"@id\":\"https:\/\/fcmsac.com.pe\/#primaryimage\"},\"image\":{\"@id\":\"https:\/\/fcmsac.com.pe\/#primaryimage\"},\"thumbnailUrl\":\"https:\/\/fcmsac.com.pe\/wp-content\/uploads\/2025\/07\/relacion-comercial-clientes-billin-imagen-6.4.1-e1752708065297.jpg\",\"datePublished\":\"2025-07-13T15:03:32+00:00\",\"dateModified\":\"2025-08-01T14:52:10+00:00\",\"breadcrumb\":{\"@id\":\"https:\/\/fcmsac.com.pe\/#breadcrumb\"},\"inLanguage\":\"es\",\"potentialAction\":[{\"@type\":\"ReadAction\",\"target\":[\"https:\/\/fcmsac.com.pe\/\"]}]},{\"@type\":\"ImageObject\",\"inLanguage\":\"es\",\"@id\":\"https:\/\/fcmsac.com.pe\/#primaryimage\",\"url\":\"https:\/\/fcmsac.com.pe\/wp-content\/uploads\/2025\/07\/relacion-comercial-clientes-billin-imagen-6.4.1-e1752708065297.jpg\",\"contentUrl\":\"https:\/\/fcmsac.com.pe\/wp-content\/uploads\/2025\/07\/relacion-comercial-clientes-billin-imagen-6.4.1-e1752708065297.jpg\",\"width\":1000,\"height\":654},{\"@type\":\"BreadcrumbList\",\"@id\":\"https:\/\/fcmsac.com.pe\/#breadcrumb\",\"itemListElement\":[{\"@type\":\"ListItem\",\"position\":1,\"name\":\"Portada\",\"item\":\"https:\/\/fcmsac.com.pe\/\"},{\"@type\":\"ListItem\",\"position\":2,\"name\":\"FCM: Un nombre, mil soluciones.\"}]},{\"@type\":\"WebSite\",\"@id\":\"https:\/\/fcmsac.com.pe\/#website\",\"url\":\"https:\/\/fcmsac.com.pe\/\",\"name\":\"FCM\",\"description\":\"Asesor\u00edas y Proyectos\",\"potentialAction\":[{\"@type\":\"SearchAction\",\"target\":{\"@type\":\"EntryPoint\",\"urlTemplate\":\"https:\/\/fcmsac.com.pe\/?s={search_term_string}\"},\"query-input\":{\"@type\":\"PropertyValueSpecification\",\"valueRequired\":true,\"valueName\":\"search_term_string\"}}],\"inLanguage\":\"es\"}]}<\/script>\n<!-- \/ Yoast SEO plugin. -->","yoast_head_json":{"title":"FCM: Un nombre, mil soluciones. - FCM","robots":{"index":"index","follow":"follow","max-snippet":"max-snippet:-1","max-image-preview":"max-image-preview:large","max-video-preview":"max-video-preview:-1"},"canonical":"https:\/\/fcmsac.com.pe\/","og_locale":"es_ES","og_type":"article","og_title":"FCM: Un nombre, mil soluciones. - FCM","og_description":"En FCM ofrecemos consultor\u00edas, estudios t\u00e9cnicos, obras, mantenimiento general, asesoramiento pol\u00edtico, entre otros.","og_url":"https:\/\/fcmsac.com.pe\/","og_site_name":"FCM","article_modified_time":"2025-08-01T14:52:10+00:00","og_image":[{"width":1000,"height":654,"url":"https:\/\/fcmsac.com.pe\/wp-content\/uploads\/2025\/07\/relacion-comercial-clientes-billin-imagen-6.4.1-e1752708065297.jpg","type":"image\/jpeg"}],"twitter_card":"summary_large_image","twitter_misc":{"Tiempo de lectura":"1 minuto"},"schema":{"@context":"https:\/\/schema.org","@graph":[{"@type":"WebPage","@id":"https:\/\/fcmsac.com.pe\/","url":"https:\/\/fcmsac.com.pe\/","name":"FCM: Un nombre, mil soluciones. - FCM","isPartOf":{"@id":"https:\/\/fcmsac.com.pe\/#website"},"primaryImageOfPage":{"@id":"https:\/\/fcmsac.com.pe\/#primaryimage"},"image":{"@id":"https:\/\/fcmsac.com.pe\/#primaryimage"},"thumbnailUrl":"https:\/\/fcmsac.com.pe\/wp-content\/uploads\/2025\/07\/relacion-comercial-clientes-billin-imagen-6.4.1-e1752708065297.jpg","datePublished":"2025-07-13T15:03:32+00:00","dateModified":"2025-08-01T14:52:10+00:00","breadcrumb":{"@id":"https:\/\/fcmsac.com.pe\/#breadcrumb"},"inLanguage":"es","potentialAction":[{"@type":"ReadAction","target":["https:\/\/fcmsac.com.pe\/"]}]},{"@type":"ImageObject","inLanguage":"es","@id":"https:\/\/fcmsac.com.pe\/#primaryimage","url":"https:\/\/fcmsac.com.pe\/wp-content\/uploads\/2025\/07\/relacion-comercial-clientes-billin-imagen-6.4.1-e1752708065297.jpg","contentUrl":"https:\/\/fcmsac.com.pe\/wp-content\/uploads\/2025\/07\/relacion-comercial-clientes-billin-imagen-6.4.1-e1752708065297.jpg","width":1000,"height":654},{"@type":"BreadcrumbList","@id":"https:\/\/fcmsac.com.pe\/#breadcrumb","itemListElement":[{"@type":"ListItem","position":1,"name":"Portada","item":"https:\/\/fcmsac.com.pe\/"},{"@type":"ListItem","position":2,"name":"FCM: Un nombre, mil soluciones."}]},{"@type":"WebSite","@id":"https:\/\/fcmsac.com.pe\/#website","url":"https:\/\/fcmsac.com.pe\/","name":"FCM","description":"Asesor\u00edas y Proyectos","potentialAction":[{"@type":"SearchAction","target":{"@type":"EntryPoint","urlTemplate":"https:\/\/fcmsac.com.pe\/?s={search_term_string}"},"query-input":{"@type":"PropertyValueSpecification","valueRequired":true,"valueName":"search_term_string"}}],"inLanguage":"es"}]}},"_links":{"self":[{"href":"https:\/\/fcmsac.com.pe\/index.php?rest_route=\/wp\/v2\/pages\/2","targetHints":{"allow":["GET"]}}],"collection":[{"href":"https:\/\/fcmsac.com.pe\/index.php?rest_route=\/wp\/v2\/pages"}],"about":[{"href":"https:\/\/fcmsac.com.pe\/index.php?rest_route=\/wp\/v2\/types\/page"}],"author":[{"embeddable":true,"href":"https:\/\/fcmsac.com.pe\/index.php?rest_route=\/wp\/v2\/users\/1"}],"replies":[{"embeddable":true,"href":"https:\/\/fcmsac.com.pe\/index.php?rest_route=%2Fwp%2Fv2%2Fcomments&post=2"}],"version-history":[{"count":40,"href":"https:\/\/fcmsac.com.pe\/index.php?rest_route=\/wp\/v2\/pages\/2\/revisions"}],"predecessor-version":[{"id":128,"href":"https:\/\/fcmsac.com.pe\/index.php?rest_route=\/wp\/v2\/pages\/2\/revisions\/128"}],"wp:featuredmedia":[{"embeddable":true,"href":"https:\/\/fcmsac.com.pe\/index.php?rest_route=\/wp\/v2\/media\/89"}],"wp:attachment":[{"href":"https:\/\/fcmsac.com.pe\/index.php?rest_route=%2Fwp%2Fv2%2Fmedia&parent=2"}],"curies":[{"name":"wp","href":"https:\/\/api.w.org\/{rel}","templated":true}]}}